{"id":183,"date":"2024-02-28T15:49:44","date_gmt":"2024-02-28T15:49:44","guid":{"rendered":"https:\/\/www.theconstructionsourcequebec.ca\/?page_id=183"},"modified":"2024-02-28T19:52:32","modified_gmt":"2024-02-28T19:52:32","slug":"a-propos-de-nous","status":"publish","type":"page","link":"https:\/\/www.theconstructionsourcequebec.ca\/?page_id=183","title":{"rendered":"\u00c0 propos de nous"},"content":{"rendered":"<p>[vc_row][vc_column][vc_column_text]Au Construction Source Qu\u00e9bec, nous sommes extr\u00eamement fiers de notre lectorat \u00e9tendu, comptant plus de 67 000 cadres sup\u00e9rieurs estim\u00e9s \u00e0 travers la province.<\/p>\n<p>Notre plateforme offre une opportunit\u00e9 convaincante pour que vous puissiez interagir directement avec ceux qui ont une importance capitale &#8211; vos clients appr\u00e9ci\u00e9s. Que vous cherchiez \u00e0 pr\u00e9senter un d\u00e9veloppement de condo r\u00e9volutionnaire, \u00e0 obtenir un soutien financier pour des projets \u00e0 venir, ou \u00e0 \u00e9tablir une pr\u00e9sence de marque solide, nous sommes d\u00e9termin\u00e9s \u00e0 soutenir vos objectifs.<\/p>\n<p>Explorez la gamme diversifi\u00e9e d&#8217;opportunit\u00e9s pour mettre en valeur votre entreprise ou pr\u00e9senter votre dernier projet dans The Construction Source en entrant en contact avec notre \u00c9diteur en chef.<\/p>\n<p>Fi\u00e8rement produit par <strong>Kingsley Media Corp.<\/strong><\/p>\n<p>Pour toute demande, veuillez nous contacter \u00e0 <a href=\"mailto:info@theconstructionsource.ca\">info@theconstructionsource.ca<\/a>.[\/vc_column_text][\/vc_column][\/vc_row][vc_row][vc_column][vc_single_image image=&#8221;164&#8243; img_size=&#8221;full&#8221; alignment=&#8221;center&#8221;][\/vc_column][\/vc_row]<\/p>\n","protected":false},"excerpt":{"rendered":"<p>[vc_row][vc_column][vc_column_text]Au Construction Source Qu\u00e9bec, nous sommes extr\u00eamement fiers de notre lectorat \u00e9tendu, comptant plus de 67 000 cadres sup\u00e9rieurs estim\u00e9s \u00e0 travers la province. Notre plateforme offre une opportunit\u00e9 convaincante pour que vous puissiez interagir directement avec ceux qui ont une importance capitale &#8211; vos clients appr\u00e9ci\u00e9s. Que vous cherchiez \u00e0 pr\u00e9senter un d\u00e9veloppement de [&hellip;]<\/p>\n","protected":false},"author":1,"featured_media":0,"parent":0,"menu_order":0,"comment_status":"closed","ping_status":"closed","template":"","meta":{"footnotes":""},"class_list":["post-183","page","type-page","status-publish","hentry"],"amp_enabled":true,"_links":{"self":[{"href":"https:\/\/www.theconstructionsourcequebec.ca\/index.php?rest_route=\/wp\/v2\/pages\/183","targetHints":{"allow":["GET"]}}],"collection":[{"href":"https:\/\/www.theconstructionsourcequebec.ca\/index.php?rest_route=\/wp\/v2\/pages"}],"about":[{"href":"https:\/\/www.theconstructionsourcequebec.ca\/index.php?rest_route=\/wp\/v2\/types\/page"}],"author":[{"embeddable":true,"href":"https:\/\/www.theconstructionsourcequebec.ca\/index.php?rest_route=\/wp\/v2\/users\/1"}],"replies":[{"embeddable":true,"href":"https:\/\/www.theconstructionsourcequebec.ca\/index.php?rest_route=%2Fwp%2Fv2%2Fcomments&post=183"}],"version-history":[{"count":3,"href":"https:\/\/www.theconstructionsourcequebec.ca\/index.php?rest_route=\/wp\/v2\/pages\/183\/revisions"}],"predecessor-version":[{"id":215,"href":"https:\/\/www.theconstructionsourcequebec.ca\/index.php?rest_route=\/wp\/v2\/pages\/183\/revisions\/215"}],"wp:attachment":[{"href":"https:\/\/www.theconstructionsourcequebec.ca\/index.php?rest_route=%2Fwp%2Fv2%2Fmedia&parent=183"}],"curies":[{"name":"wp","href":"https:\/\/api.w.org\/{rel}","templated":true}]}}